{"id":529,"date":"2023-06-08T09:29:24","date_gmt":"2023-06-08T08:29:24","guid":{"rendered":"https:\/\/spa-francorchamps-hotel.com\/?page_id=529"},"modified":"2024-04-01T14:36:01","modified_gmt":"2024-04-01T13:36:01","slug":"menu","status":"publish","type":"page","link":"https:\/\/www.spa-francorchamps-hotel.com\/fr\/menu\/","title":{"rendered":"Menu"},"content":{"rendered":"\t\t<div data-elementor-type=\"wp-page\" data-elementor-id=\"529\" class=\"elementor elementor-529\" data-elementor-post-type=\"page\">\n\t\t\t\t\t\t<section class=\"elementor-section elementor-top-section elementor-element elementor-element-f3a662c elementor-section-height-min-height elementor-section-items-top elementor-section-content-top elementor-section-boxed elementor-section-height-default\" data-id=\"f3a662c\" data-element_type=\"section\" data-settings=\"{&quot;background_background&quot;:&quot;classic&quot;,&quot;background_motion_fx_motion_fx_scrolling&quot;:&quot;yes&quot;,&quot;background_motion_fx_translateY_effect&quot;:&quot;yes&quot;,&quot;background_motion_fx_translateY_speed&quot;:{&quot;unit&quot;:&quot;px&quot;,&quot;size&quot;:10,&quot;sizes&quot;:[]},&quot;jet_parallax_layout_list&quot;:[],&quot;background_motion_fx_translateY_affectedRange&quot;:{&quot;unit&quot;:&quot;%&quot;,&quot;size&quot;:&quot;&quot;,&quot;sizes&quot;:{&quot;start&quot;:0,&quot;end&quot;:100}},&quot;background_motion_fx_devices&quot;:[&quot;desktop&quot;,&quot;tablet&quot;,&quot;mobile&quot;]}\">\n\t\t\t\t\t\t\t<div class=\"elementor-background-overlay\"><\/div>\n\t\t\t\t\t\t\t<div class=\"elementor-container elementor-column-gap-default\">\n\t\t\t\t\t<div class=\"elementor-column elementor-col-100 elementor-top-column elementor-element elementor-element-d5824c2\" data-id=\"d5824c2\" data-element_type=\"column\">\n\t\t\t<div class=\"elementor-widget-wrap elementor-element-populated\">\n\t\t\t\t\t\t<div class=\"elementor-element elementor-element-c1fc5f8 elementor-widget-divider--view-line_icon elementor-view-default elementor-widget-divider--element-align-center elementor-widget elementor-widget-divider\" data-id=\"c1fc5f8\" data-element_type=\"widget\" data-widget_type=\"divider.default\">\n\t\t\t\t<div class=\"elementor-widget-container\">\n\t\t\t\t\t\t\t<div class=\"elementor-divider\">\n\t\t\t<span class=\"elementor-divider-separator\">\n\t\t\t\t\t\t\t<div class=\"elementor-icon elementor-divider__element\">\n\t\t\t\t\t<i aria-hidden=\"true\" class=\"fas fa-chevron-down\"><\/i><\/div>\n\t\t\t\t\t\t<\/span>\n\t\t<\/div>\n\t\t\t\t\t\t<\/div>\n\t\t\t\t<\/div>\n\t\t\t\t<div class=\"elementor-element elementor-element-6959241 elementor-align-center elementor-widget elementor-widget-breadcrumbs\" data-id=\"6959241\" data-element_type=\"widget\" data-widget_type=\"breadcrumbs.default\">\n\t\t\t\t<div class=\"elementor-widget-container\">\n\t\t\t\t\t<p id=\"breadcrumbs\"><span><span><a href=\"https:\/\/www.spa-francorchamps-hotel.com\/fr\/\">Accueil<\/a><\/span><\/span><\/p>\t\t\t\t<\/div>\n\t\t\t\t<\/div>\n\t\t\t\t\t<\/div>\n\t\t<\/div>\n\t\t\t\t\t<\/div>\n\t\t<\/section>\n\t\t\t\t<section class=\"elementor-section elementor-top-section elementor-element elementor-element-2dbb2e3 elementor-hidden-desktop elementor-hidden-tablet elementor-hidden-mobile elementor-section-boxed elementor-section-height-default elementor-section-height-default\" data-id=\"2dbb2e3\" data-element_type=\"section\" data-settings=\"{&quot;jet_parallax_layout_list&quot;:[]}\">\n\t\t\t\t\t\t<div class=\"elementor-container elementor-column-gap-default\">\n\t\t\t\t\t<div class=\"elementor-column elementor-col-100 elementor-top-column elementor-element elementor-element-5b39906\" data-id=\"5b39906\" data-element_type=\"column\">\n\t\t\t<div class=\"elementor-widget-wrap elementor-element-populated\">\n\t\t\t\t\t\t<div class=\"elementor-element elementor-element-474e85d elementor-widget elementor-widget-heading\" data-id=\"474e85d\" data-element_type=\"widget\" data-widget_type=\"heading.default\">\n\t\t\t\t<div class=\"elementor-widget-container\">\n\t\t\t\t\t<h2 class=\"elementor-heading-title elementor-size-default\">D\u00e9couvrez notre carte<\/h2>\t\t\t\t<\/div>\n\t\t\t\t<\/div>\n\t\t\t\t<div class=\"elementor-element elementor-element-91b0c79 elementor-widget-divider--view-line elementor-widget elementor-widget-divider\" data-id=\"91b0c79\" data-element_type=\"widget\" data-widget_type=\"divider.default\">\n\t\t\t\t<div class=\"elementor-widget-container\">\n\t\t\t\t\t\t\t<div class=\"elementor-divider\">\n\t\t\t<span class=\"elementor-divider-separator\">\n\t\t\t\t\t\t<\/span>\n\t\t<\/div>\n\t\t\t\t\t\t<\/div>\n\t\t\t\t<\/div>\n\t\t\t\t<div class=\"elementor-element elementor-element-ba51cea elementor-widget elementor-widget-heading\" data-id=\"ba51cea\" data-element_type=\"widget\" data-widget_type=\"heading.default\">\n\t\t\t\t<div class=\"elementor-widget-container\">\n\t\t\t\t\t<h3 class=\"elementor-heading-title elementor-size-default\">En Piste<\/h3>\t\t\t\t<\/div>\n\t\t\t\t<\/div>\n\t\t\t\t<div class=\"elementor-element elementor-element-200fab6 elementor-widget elementor-widget-text-editor\" data-id=\"200fab6\" data-element_type=\"widget\" data-widget_type=\"text-editor.default\">\n\t\t\t\t<div class=\"elementor-widget-container\">\n\t\t\t\t\t\t\t\t\t<table>\n<thead>\n  <tr>\n    <th colspan=\"2\">Avant d\u2019entrer aux Stands<\/th>\n  <\/tr>\n<\/thead>\n<tbody>\n  <tr>\n    <td>La Portion de Fromages locaux<\/td>\n    <td>4,90\u20ac<\/td>\n  <\/tr>\n  <tr>\n    <td>La Portion d\u2019Olives<\/td>\n    <td>4,50\u20ac<\/td>\n  <\/tr>\n  <tr>\n    <td>Bruschetta du Chef<\/td>\n    <td>9,00\u20ac<\/td>\n  <\/tr>\n  <tr>\n    <td>Nachos \u00ab POMMARD \u00bb<\/td>\n    <td>14,00\u20ac<\/td>\n  <\/tr>\n  <tr>\n    <td>Deux Saucissons Entiers \u00e0 la guillotine<\/td>\n    <td>9,00\u20ac<\/td>\n  <\/tr>\n  <tr>\n    <td>Le Quatuor de Mini Croquettes ( 3 Fromages, Poulet, \u00c9pinard, Chorizo)<\/td>\n    <td>18,00\u20ac<\/td>\n  <\/tr>\n<\/tbody>\n<\/table>\t\t\t\t\t\t\t\t<\/div>\n\t\t\t\t<\/div>\n\t\t\t\t<div class=\"elementor-element elementor-element-f0707be elementor-widget elementor-widget-text-editor\" data-id=\"f0707be\" data-element_type=\"widget\" data-widget_type=\"text-editor.default\">\n\t\t\t\t<div class=\"elementor-widget-container\">\n\t\t\t\t\t\t\t\t\t<table>\n<thead>\n  <tr>\n    <th colspan=\"2\">En \u00c9quipage dans le Paddock<\/th>\n  <\/tr>\n<\/thead>\n<tbody>\n  <tr>\n    <td>Plancha RELAIS DE POMMARD, l\u2019incontournable <br> (petite ou grande) : Charcuterie et Fromages Locaux, Verrine de P\u00e2t\u00e9, Pilon de Poulet, Tapenade, Mini-Ribs, Chorizo grill\u00e9 et Mini-Croquettes<\/td>\n    <td>28,00\u20ac \/ 39,00\u20ac<\/td>\n  <\/tr>\n  <tr>\n    <td>Plancha V\u00c9G\u00c9TARIENNE<br> (Croquette \u00e9pinard, Croquette fromage, L\u00e9gumes grill\u00e9s, Tomate farcie, Fromage du jour)<\/td>\n    <td>25,00\u20ac<\/td>\n  <\/tr>\n  <tr>\n    <td>Plancha MIXTE locale (petite ou grande)<\/td>\n    <td>22,00\u20ac \/ 32,00\u20ac<\/td>\n  <\/tr>\n  <tr>\n    <td>Plancha CHARCUTI\u00c8RE locale<\/td>\n    <td>19,00\u20ac<\/td>\n  <\/tr>\n  <tr>\n    <td>Plancha FROMAG\u00c8RE locale<\/td>\n    <td>19,00\u20ac<\/td>\n  <\/tr>\n<\/tbody>\n<\/table>\t\t\t\t\t\t\t\t<\/div>\n\t\t\t\t<\/div>\n\t\t\t\t<div class=\"elementor-element elementor-element-a87a76d elementor-widget elementor-widget-text-editor\" data-id=\"a87a76d\" data-element_type=\"widget\" data-widget_type=\"text-editor.default\">\n\t\t\t\t<div class=\"elementor-widget-container\">\n\t\t\t\t\t\t\t\t\t<table>\n<thead>\n  <tr>\n    <th colspan=\"2\">Le Warm-Up<\/th>\n  <\/tr>\n<\/thead>\n<tbody>\n  <tr>\n    <td>Potage du Jour<br><\/td>\n    <td>8,00\u20ac<\/td>\n  <\/tr>\n  <tr>\n    <td>Burrata di Buffala (pesto, roquette, tomate)<br><\/td>\n    <td>16,00\u20ac<\/td>\n  <\/tr>\n  <tr>\n    <td>Tartare de Thon Rouge, Coriandre et Zestes d\u2019Agrumes<\/td>\n    <td>23,00\u20ac<\/td>\n  <\/tr>\n  <tr>\n    <td>Farandole de Croquettes Maison et ses 2 Sauces<\/td>\n    <td>18,00\u20ac<\/td>\n  <\/tr>\n  <tr>\n    <td>Carpaccio de Boeuf<\/td>\n    <td>18,00\u20ac<\/td>\n  <\/tr>\n  <tr>\n    <td>6 Scampis \u00e0 l\u2019ail<\/td>\n    <td>19,00\u20ac<\/td>\n  <\/tr>\n  <tr>\n    <td>6 Scampis coco- curry rouge<\/td>\n    <td>21,00\u20ac<\/td>\n  <\/tr>\n  <tr>\n    <td colspan=\"2\">(SUPPL\u00c9MENT PLAT)<\/td>\n  <\/tr>\n<\/tbody>\n<\/table>\t\t\t\t\t\t\t\t<\/div>\n\t\t\t\t<\/div>\n\t\t\t\t<div class=\"elementor-element elementor-element-05a329f elementor-widget elementor-widget-text-editor\" data-id=\"05a329f\" data-element_type=\"widget\" data-widget_type=\"text-editor.default\">\n\t\t\t\t<div class=\"elementor-widget-container\">\n\t\t\t\t\t\t\t\t\t<table>\n<thead>\n  <tr>\n    <th colspan=\"2\">\u00c0 l\u2019assaut du Raidillon<\/th>\n  <\/tr>\n<\/thead>\n<tbody>\n  <tr>\n    <td>Pav\u00e9 de Thon Rouge Grill\u00e9<\/td>\n    <td>29,50\u20ac<\/td>\n  <\/tr>\n  <tr>\n    <td>Dorade Grill\u00e9e<\/td>\n    <td>29,50\u20ac<\/td>\n  <\/tr>\n  <tr>\n    <td>Tartare de Boeuf Classique<\/td>\n    <td>28,00\u20ac<\/td>\n  <\/tr>\n  <tr>\n    <td>Tartare de Boeuf \u00e0 l\u2019Italienne (Parmesan, Pignons de pin, Tomates s\u00e9ch\u00e9es, Balsamico)<\/td>\n    <td>29,50\u20ac<\/td>\n  <\/tr>\n  <tr>\n    <td>C\u00f4te \u00e0 l\u2019Os Grill\u00e9e (au poid)<\/td>\n    <td>0,098\u20ac\/1gr<\/td>\n  <\/tr>\n  <tr>\n    <td>Entrec\u00f4te Grill\u00e9e<\/td>\n    <td>39,00\u20ac<\/td>\n  <\/tr>\n  <tr>\n    <td>Entrec\u00f4te Grill\u00e9e Fa\u00e7on Pommard (Bourgogne Rouge, \u00e9chalotes, Sirop de Li\u00e8ge, Fromage fondu)<\/td>\n    <td>44,00\u20ac<\/td>\n  <\/tr>\n  <tr>\n    <td>Pi\u00e8ce du Boucher Grill\u00e9e<\/td>\n    <td>27,00\u20ac<\/td>\n  <\/tr>\n  <tr>\n    <td>Vol au Vent fermier<\/td>\n    <td>22,00\u20ac<\/td>\n  <\/tr>\n  <tr>\n    <td>Filet Mignon de Porc Grill\u00e9. (\u00c0 Binam\u00e9 Pource)<\/td>\n    <td>22,00\u20ac<\/td>\n  <\/tr>\n  <tr>\n    <td>Ribs  caram\u00e9lis\u00e9 au miel (700grs)<\/td>\n    <td>27,00\u20ac<\/td>\n  <\/tr>\n  <tr>\n    <td>Boulettes Li\u00e9geoises<\/td>\n    <td>22,00\u20ac<\/td>\n  <\/tr>\n  <tr>\n    <td>Burger V\u00e9g\u00e9tarien Fa\u00e7on \u00ab Pommard \u00bb<\/td>\n    <td>25,00\u20ac<\/td>\n  <\/tr>\n  <tr>\n    <td>Burger Sp\u00e9cial \u00ab Pommard \u00bb 240 gr \/ 360 gr (Sauce Pommard et Fromage fondu)<\/td>\n    <td>22,00\u20ac \/ 29,00\u20ac<\/td>\n  <\/tr>\n<\/tbody>\n<\/table>\t\t\t\t\t\t\t\t<\/div>\n\t\t\t\t<\/div>\n\t\t\t\t<div class=\"elementor-element elementor-element-c69469e elementor-widget elementor-widget-text-editor\" data-id=\"c69469e\" data-element_type=\"widget\" data-widget_type=\"text-editor.default\">\n\t\t\t\t<div class=\"elementor-widget-container\">\n\t\t\t\t\t\t\t\t\t<table>\n<thead>\n  <tr>\n    <th colspan=\"2\">Le Ravitaillement<\/th>\n  <\/tr>\n<\/thead>\n<tbody>\n  <tr>\n    <td>Frites \u00ab Maison \u00bb rustiques, P\u00e2tes, Riz<\/td>\n    <td>5,00\u20ac<\/td>\n  <\/tr>\n  <tr>\n    <td>Salade Verte, Salade Mixte, Salade de Tomates, L\u00e9gumes Grill\u00e9s<\/td>\n    <td>5,00\u20ac<\/td>\n  <\/tr>\n  <tr>\n    <td>Sauces : Champignons, Poivre, B\u00e9arnaise, Pommard<\/td>\n    <td>4,50\u20ac<\/td>\n  <\/tr>\n<\/tbody>\n<\/table>\t\t\t\t\t\t\t\t<\/div>\n\t\t\t\t<\/div>\n\t\t\t\t<div class=\"elementor-element elementor-element-e2a6792 elementor-widget elementor-widget-text-editor\" data-id=\"e2a6792\" data-element_type=\"widget\" data-widget_type=\"text-editor.default\">\n\t\t\t\t<div class=\"elementor-widget-container\">\n\t\t\t\t\t\t\t\t\t<table>\n<thead>\n  <tr>\n    <th colspan=\"2\">Les Deux tours d\u2019horloge<\/th>\n  <\/tr>\n<\/thead>\n<tbody>\n  <tr>\n    <td>P\u00e2tes Bolo<\/td>\n    <td>17,00\u20ac<\/td>\n  <\/tr>\n  <tr>\n    <td>P\u00e2tes Scampis<\/td>\n    <td>22,00\u20ac<\/td>\n  <\/tr>\n  <tr>\n    <td>P\u00e2tes V\u00e9g\u00e9tariennes<\/td>\n    <td>17,00\u20ac<\/td>\n  <\/tr>\n  <tr>\n    <td>P\u00e2tes Carbonara revisit\u00e9es<\/td>\n    <td>19,00\u20ac<\/td>\n  <\/tr>\n<\/tbody>\n<\/table>\t\t\t\t\t\t\t\t<\/div>\n\t\t\t\t<\/div>\n\t\t\t\t<div class=\"elementor-element elementor-element-57efa02 elementor-widget elementor-widget-text-editor\" data-id=\"57efa02\" data-element_type=\"widget\" data-widget_type=\"text-editor.default\">\n\t\t\t\t<div class=\"elementor-widget-container\">\n\t\t\t\t\t\t\t\t\t<table>\n<thead>\n  <tr>\n    <th colspan=\"2\">Les Salades<\/th>\n  <\/tr>\n<\/thead>\n<tbody>\n  <tr>\n    <td>Caesar<\/td>\n    <td>19,50\u20ac<\/td>\n  <\/tr>\n  <tr>\n    <td>Pommard (croquettes fromage, noix de jambon, vinaigrette aux noix)<\/td>\n    <td>19,50\u20ac<\/td>\n  <\/tr>\n<\/tbody>\n<\/table>\t\t\t\t\t\t\t\t<\/div>\n\t\t\t\t<\/div>\n\t\t\t\t<div class=\"elementor-element elementor-element-8bf5a86 elementor-widget elementor-widget-text-editor\" data-id=\"8bf5a86\" data-element_type=\"widget\" data-widget_type=\"text-editor.default\">\n\t\t\t\t<div class=\"elementor-widget-container\">\n\t\t\t\t\t\t\t\t\t<table>\n<thead>\n  <tr>\n    <th colspan=\"2\">La Junior Cup<\/th>\n  <\/tr>\n<\/thead>\n<tbody>\n  <tr>\n    <td>P\u00e2tes bolo<\/td>\n    <td>12,00\u20ac<\/td>\n  <\/tr>\n  <tr>\n    <td>Nuggets Poulet \u00ab Maison \u00bb<\/td>\n    <td>15,00\u20ac<\/td>\n  <\/tr>\n  <tr>\n    <td>Burger du Champion<\/td>\n    <td>12,00\u20ac<\/td>\n  <\/tr>\n<\/tbody>\n<\/table>\t\t\t\t\t\t\t\t<\/div>\n\t\t\t\t<\/div>\n\t\t\t\t<div class=\"elementor-element elementor-element-c86f403 elementor-widget elementor-widget-text-editor\" data-id=\"c86f403\" data-element_type=\"widget\" data-widget_type=\"text-editor.default\">\n\t\t\t\t<div class=\"elementor-widget-container\">\n\t\t\t\t\t\t\t\t\t<table>\n<thead>\n  <tr>\n    <th colspan=\"2\">Le Podium<\/th>\n  <\/tr>\n<\/thead>\n<tbody>\n  <tr>\n    <td>Tiramisu Sp\u00e9culoos \u00ab Maison \u00bb<\/td>\n    <td>8,50\u20ac<\/td>\n  <\/tr>\n  <tr>\n    <td>Pannacotta \u00ab Maison \u00bb<\/td>\n    <td>8,00\u20ac<\/td>\n  <\/tr>\n  <tr>\n    <td>Assiette de Fromages Locaux<\/td>\n    <td>15,00\u20ac<\/td>\n  <\/tr>\n  <tr>\n    <td>Fondant Chocolat, glace vanille et sa Cr\u00e8me Anglaise<\/td>\n    <td>9,50\u20ac<\/td>\n  <\/tr>\n  <tr>\n    <td>Glace : Dame Blanche, Br\u00e9silienne, Caf\u00e9 Glac\u00e9,\u2026<\/td>\n    <td>9,50\u20ac<\/td>\n  <\/tr>\n  <tr>\n    <td>Glace Vanille avec fruits de saison<\/td>\n    <td>11,50\u20ac<\/td>\n  <\/tr>\n<\/tbody>\n<\/table>\t\t\t\t\t\t\t\t<\/div>\n\t\t\t\t<\/div>\n\t\t\t\t\t<\/div>\n\t\t<\/div>\n\t\t\t\t\t<\/div>\n\t\t<\/section>\n\t\t\t\t<\/div>\n\t\t","protected":false},"excerpt":{"rendered":"<p>L&rsquo;h\u00f4tel-restaurant Le Relais de Pommard situ\u00e9 \u00e0 Spa-Francorchamps vous informe sur sa politique de protection des donn\u00e9es. <\/p>\n","protected":false},"author":1,"featured_media":458,"parent":0,"menu_order":0,"comment_status":"closed","ping_status":"closed","template":"elementor_header_footer","meta":{"_jet_sm_ready_style":"","_jet_sm_style":"","_jet_sm_controls_values":"","_jet_sm_fonts_collection":"","_jet_sm_fonts_links":"","footnotes":""},"class_list":["post-529","page","type-page","status-publish","has-post-thumbnail","hentry"],"yoast_head":"<!-- This site is optimized with the Yoast SEO plugin v25.4 - https:\/\/yoast.com\/wordpress\/plugins\/seo\/ -->\n<title>D\u00e9couvrez notre Menu | Le Relais de Pommard Francorchamps<\/title>\n<meta name=\"description\" content=\"L&#039;h\u00f4tel-restaurant Le Relais de Pommard situ\u00e9 \u00e0 Spa-Francorchamps vous laisse d\u00e9couvrir son menu et ses suggestions.\" \/>\n<meta name=\"robots\" content=\"index, follow, max-snippet:-1, max-image-preview:large, max-video-preview:-1\" \/>\n<link rel=\"canonical\" href=\"https:\/\/www.spa-francorchamps-hotel.com\/fr\/menu\/\" \/>\n<meta property=\"og:locale\" content=\"fr_FR\" \/>\n<meta property=\"og:type\" content=\"article\" \/>\n<meta property=\"og:title\" content=\"D\u00e9couvrez notre Menu | Le Relais de Pommard Francorchamps\" \/>\n<meta property=\"og:description\" content=\"L&#039;h\u00f4tel-restaurant Le Relais de Pommard situ\u00e9 \u00e0 Spa-Francorchamps vous laisse d\u00e9couvrir son menu et ses suggestions.\" \/>\n<meta property=\"og:url\" content=\"https:\/\/www.spa-francorchamps-hotel.com\/fr\/menu\/\" \/>\n<meta property=\"og:site_name\" content=\"H\u00f4tel Circuit de Spa-Francorchamps\" \/>\n<meta property=\"article:modified_time\" content=\"2024-04-01T13:36:01+00:00\" \/>\n<meta property=\"og:image\" content=\"https:\/\/www.spa-francorchamps-hotel.com\/wp-content\/uploads\/2023\/06\/Hotel-le-relais-de-pommard.webp\" \/>\n\t<meta property=\"og:image:width\" content=\"1024\" \/>\n\t<meta property=\"og:image:height\" content=\"682\" \/>\n\t<meta property=\"og:image:type\" content=\"image\/webp\" \/>\n<meta name=\"twitter:label1\" content=\"Dur\u00e9e de lecture est.\" \/>\n\t<meta name=\"twitter:data1\" content=\"2 minutes\" \/>\n<script type=\"application\/ld+json\" class=\"yoast-schema-graph\">{\"@context\":\"https:\/\/schema.org\",\"@graph\":[{\"@type\":\"WebPage\",\"@id\":\"https:\/\/www.spa-francorchamps-hotel.com\/fr\/menu\/\",\"url\":\"https:\/\/www.spa-francorchamps-hotel.com\/fr\/menu\/\",\"name\":\"D\u00e9couvrez notre Menu | Le Relais de Pommard Francorchamps\",\"isPartOf\":{\"@id\":\"https:\/\/www.spa-francorchamps-hotel.com\/#website\"},\"primaryImageOfPage\":{\"@id\":\"https:\/\/www.spa-francorchamps-hotel.com\/fr\/menu\/#primaryimage\"},\"image\":{\"@id\":\"https:\/\/www.spa-francorchamps-hotel.com\/fr\/menu\/#primaryimage\"},\"thumbnailUrl\":\"https:\/\/www.spa-francorchamps-hotel.com\/wp-content\/uploads\/2023\/06\/Hotel-le-relais-de-pommard.webp\",\"datePublished\":\"2023-06-08T08:29:24+00:00\",\"dateModified\":\"2024-04-01T13:36:01+00:00\",\"description\":\"L'h\u00f4tel-restaurant Le Relais de Pommard situ\u00e9 \u00e0 Spa-Francorchamps vous laisse d\u00e9couvrir son menu et ses suggestions.\",\"breadcrumb\":{\"@id\":\"https:\/\/www.spa-francorchamps-hotel.com\/fr\/menu\/#breadcrumb\"},\"inLanguage\":\"fr-BE\",\"potentialAction\":[{\"@type\":\"ReadAction\",\"target\":[\"https:\/\/www.spa-francorchamps-hotel.com\/fr\/menu\/\"]}]},{\"@type\":\"ImageObject\",\"inLanguage\":\"fr-BE\",\"@id\":\"https:\/\/www.spa-francorchamps-hotel.com\/fr\/menu\/#primaryimage\",\"url\":\"https:\/\/www.spa-francorchamps-hotel.com\/wp-content\/uploads\/2023\/06\/Hotel-le-relais-de-pommard.webp\",\"contentUrl\":\"https:\/\/www.spa-francorchamps-hotel.com\/wp-content\/uploads\/2023\/06\/Hotel-le-relais-de-pommard.webp\",\"width\":1024,\"height\":682,\"caption\":\"H\u00f4tel le relais de pommard\"},{\"@type\":\"BreadcrumbList\",\"@id\":\"https:\/\/www.spa-francorchamps-hotel.com\/fr\/menu\/#breadcrumb\",\"itemListElement\":[{\"@type\":\"ListItem\",\"position\":1,\"name\":\"Accueil\",\"item\":\"https:\/\/www.spa-francorchamps-hotel.com\/fr\/\"},{\"@type\":\"ListItem\",\"position\":2,\"name\":\"Menu\"}]},{\"@type\":\"WebSite\",\"@id\":\"https:\/\/www.spa-francorchamps-hotel.com\/#website\",\"url\":\"https:\/\/www.spa-francorchamps-hotel.com\/\",\"name\":\"H\u00f4tel Circuit de Spa-Francorchamps\",\"description\":\"Le relais de Pommard\",\"publisher\":{\"@id\":\"https:\/\/www.spa-francorchamps-hotel.com\/#organization\"},\"potentialAction\":[{\"@type\":\"SearchAction\",\"target\":{\"@type\":\"EntryPoint\",\"urlTemplate\":\"https:\/\/www.spa-francorchamps-hotel.com\/?s={search_term_string}\"},\"query-input\":{\"@type\":\"PropertyValueSpecification\",\"valueRequired\":true,\"valueName\":\"search_term_string\"}}],\"inLanguage\":\"fr-BE\"},{\"@type\":\"Organization\",\"@id\":\"https:\/\/www.spa-francorchamps-hotel.com\/#organization\",\"name\":\"H\u00f4tel Circuit de Spa-Francorchamps\",\"url\":\"https:\/\/www.spa-francorchamps-hotel.com\/\",\"logo\":{\"@type\":\"ImageObject\",\"inLanguage\":\"fr-BE\",\"@id\":\"https:\/\/www.spa-francorchamps-hotel.com\/#\/schema\/logo\/image\/\",\"url\":\"https:\/\/www.spa-francorchamps-hotel.com\/wp-content\/uploads\/2020\/04\/Relais-de-pommard-1.webp\",\"contentUrl\":\"https:\/\/www.spa-francorchamps-hotel.com\/wp-content\/uploads\/2020\/04\/Relais-de-pommard-1.webp\",\"width\":1963,\"height\":1094,\"caption\":\"H\u00f4tel Circuit de Spa-Francorchamps\"},\"image\":{\"@id\":\"https:\/\/www.spa-francorchamps-hotel.com\/#\/schema\/logo\/image\/\"}}]}<\/script>\n<!-- \/ Yoast SEO plugin. -->","yoast_head_json":{"title":"D\u00e9couvrez notre Menu | Le Relais de Pommard Francorchamps","description":"L'h\u00f4tel-restaurant Le Relais de Pommard situ\u00e9 \u00e0 Spa-Francorchamps vous laisse d\u00e9couvrir son menu et ses suggestions.","robots":{"index":"index","follow":"follow","max-snippet":"max-snippet:-1","max-image-preview":"max-image-preview:large","max-video-preview":"max-video-preview:-1"},"canonical":"https:\/\/www.spa-francorchamps-hotel.com\/fr\/menu\/","og_locale":"fr_FR","og_type":"article","og_title":"D\u00e9couvrez notre Menu | Le Relais de Pommard Francorchamps","og_description":"L'h\u00f4tel-restaurant Le Relais de Pommard situ\u00e9 \u00e0 Spa-Francorchamps vous laisse d\u00e9couvrir son menu et ses suggestions.","og_url":"https:\/\/www.spa-francorchamps-hotel.com\/fr\/menu\/","og_site_name":"H\u00f4tel Circuit de Spa-Francorchamps","article_modified_time":"2024-04-01T13:36:01+00:00","og_image":[{"width":1024,"height":682,"url":"https:\/\/www.spa-francorchamps-hotel.com\/wp-content\/uploads\/2023\/06\/Hotel-le-relais-de-pommard.webp","type":"image\/webp"}],"twitter_misc":{"Dur\u00e9e de lecture est.":"2 minutes"},"schema":{"@context":"https:\/\/schema.org","@graph":[{"@type":"WebPage","@id":"https:\/\/www.spa-francorchamps-hotel.com\/fr\/menu\/","url":"https:\/\/www.spa-francorchamps-hotel.com\/fr\/menu\/","name":"D\u00e9couvrez notre Menu | Le Relais de Pommard Francorchamps","isPartOf":{"@id":"https:\/\/www.spa-francorchamps-hotel.com\/#website"},"primaryImageOfPage":{"@id":"https:\/\/www.spa-francorchamps-hotel.com\/fr\/menu\/#primaryimage"},"image":{"@id":"https:\/\/www.spa-francorchamps-hotel.com\/fr\/menu\/#primaryimage"},"thumbnailUrl":"https:\/\/www.spa-francorchamps-hotel.com\/wp-content\/uploads\/2023\/06\/Hotel-le-relais-de-pommard.webp","datePublished":"2023-06-08T08:29:24+00:00","dateModified":"2024-04-01T13:36:01+00:00","description":"L'h\u00f4tel-restaurant Le Relais de Pommard situ\u00e9 \u00e0 Spa-Francorchamps vous laisse d\u00e9couvrir son menu et ses suggestions.","breadcrumb":{"@id":"https:\/\/www.spa-francorchamps-hotel.com\/fr\/menu\/#breadcrumb"},"inLanguage":"fr-BE","potentialAction":[{"@type":"ReadAction","target":["https:\/\/www.spa-francorchamps-hotel.com\/fr\/menu\/"]}]},{"@type":"ImageObject","inLanguage":"fr-BE","@id":"https:\/\/www.spa-francorchamps-hotel.com\/fr\/menu\/#primaryimage","url":"https:\/\/www.spa-francorchamps-hotel.com\/wp-content\/uploads\/2023\/06\/Hotel-le-relais-de-pommard.webp","contentUrl":"https:\/\/www.spa-francorchamps-hotel.com\/wp-content\/uploads\/2023\/06\/Hotel-le-relais-de-pommard.webp","width":1024,"height":682,"caption":"H\u00f4tel le relais de pommard"},{"@type":"BreadcrumbList","@id":"https:\/\/www.spa-francorchamps-hotel.com\/fr\/menu\/#breadcrumb","itemListElement":[{"@type":"ListItem","position":1,"name":"Accueil","item":"https:\/\/www.spa-francorchamps-hotel.com\/fr\/"},{"@type":"ListItem","position":2,"name":"Menu"}]},{"@type":"WebSite","@id":"https:\/\/www.spa-francorchamps-hotel.com\/#website","url":"https:\/\/www.spa-francorchamps-hotel.com\/","name":"H\u00f4tel Circuit de Spa-Francorchamps","description":"Le relais de Pommard","publisher":{"@id":"https:\/\/www.spa-francorchamps-hotel.com\/#organization"},"potentialAction":[{"@type":"SearchAction","target":{"@type":"EntryPoint","urlTemplate":"https:\/\/www.spa-francorchamps-hotel.com\/?s={search_term_string}"},"query-input":{"@type":"PropertyValueSpecification","valueRequired":true,"valueName":"search_term_string"}}],"inLanguage":"fr-BE"},{"@type":"Organization","@id":"https:\/\/www.spa-francorchamps-hotel.com\/#organization","name":"H\u00f4tel Circuit de Spa-Francorchamps","url":"https:\/\/www.spa-francorchamps-hotel.com\/","logo":{"@type":"ImageObject","inLanguage":"fr-BE","@id":"https:\/\/www.spa-francorchamps-hotel.com\/#\/schema\/logo\/image\/","url":"https:\/\/www.spa-francorchamps-hotel.com\/wp-content\/uploads\/2020\/04\/Relais-de-pommard-1.webp","contentUrl":"https:\/\/www.spa-francorchamps-hotel.com\/wp-content\/uploads\/2020\/04\/Relais-de-pommard-1.webp","width":1963,"height":1094,"caption":"H\u00f4tel Circuit de Spa-Francorchamps"},"image":{"@id":"https:\/\/www.spa-francorchamps-hotel.com\/#\/schema\/logo\/image\/"}}]}},"_links":{"self":[{"href":"https:\/\/www.spa-francorchamps-hotel.com\/fr\/wp-json\/wp\/v2\/pages\/529","targetHints":{"allow":["GET"]}}],"collection":[{"href":"https:\/\/www.spa-francorchamps-hotel.com\/fr\/wp-json\/wp\/v2\/pages"}],"about":[{"href":"https:\/\/www.spa-francorchamps-hotel.com\/fr\/wp-json\/wp\/v2\/types\/page"}],"author":[{"embeddable":true,"href":"https:\/\/www.spa-francorchamps-hotel.com\/fr\/wp-json\/wp\/v2\/users\/1"}],"replies":[{"embeddable":true,"href":"https:\/\/www.spa-francorchamps-hotel.com\/fr\/wp-json\/wp\/v2\/comments?post=529"}],"version-history":[{"count":8,"href":"https:\/\/www.spa-francorchamps-hotel.com\/fr\/wp-json\/wp\/v2\/pages\/529\/revisions"}],"predecessor-version":[{"id":864,"href":"https:\/\/www.spa-francorchamps-hotel.com\/fr\/wp-json\/wp\/v2\/pages\/529\/revisions\/864"}],"wp:featuredmedia":[{"embeddable":true,"href":"https:\/\/www.spa-francorchamps-hotel.com\/fr\/wp-json\/wp\/v2\/media\/458"}],"wp:attachment":[{"href":"https:\/\/www.spa-francorchamps-hotel.com\/fr\/wp-json\/wp\/v2\/media?parent=529"}],"curies":[{"name":"wp","href":"https:\/\/api.w.org\/{rel}","templated":true}]}}